{"id":2475,"date":"2026-02-26T08:27:19","date_gmt":"2026-02-26T08:27:19","guid":{"rendered":"https:\/\/axle.ro\/?post_type=product&#038;p=2475"},"modified":"2026-03-02T14:30:05","modified_gmt":"2026-03-02T14:30:05","slug":"cana-axle-pain","status":"publish","type":"product","link":"https:\/\/axle.ro\/en_gb\/product\/cana-axle-pain\/","title":{"rendered":"Cana AXLE &#8211; Pain."},"content":{"rendered":"<ul>\n<li><strong>Capacitate:<\/strong> 330 ml (11 oz) \u2013 ideal\u0103 pentru orice b\u0103utur\u0103 cald\u0103 sau rece.<\/li>\n<li><strong>Material:\u00a0<\/strong>ceramica<\/li>\n<li><strong>Ambalaj:<\/strong> cutie individuala<\/li>\n<li><strong>Culoare:<\/strong> alb, interior si toarta neagra<\/li>\n<li><strong>Dimensiuni: d<\/strong><strong>iametru:<\/strong>\u00a08,3 cm;\u00a0<strong>in\u0103l\u021bime:<\/strong> 9,9 cm;<\/li>\n<li><strong>Imprimeu<\/strong>: da<\/li>\n<li><b>Brand: AXLE<\/b><\/li>\n<li><strong>Ingrijire:\u00a0<\/strong>se recomanda spalarea manuala. Nu se recomanda frecarea cu materiale si\/sau substante abrazive sau corozive.<\/li>\n<\/ul>","protected":false},"excerpt":{"rendered":"<p data-start=\"0\" data-end=\"56\"><strong data-start=\"0\" data-end=\"56\">Cana \u201cPain.\u201d \u2013 expresia brut\u0103 a unei emo\u021bii intense.<\/strong><\/p>\n<p data-start=\"58\" data-end=\"268\">Un design artistic puternic, cu tu\u0219e dramatice \u0219i culori contrastante, care surprinde vizual tensiunea \u0219i durerea interioar\u0103. Mesajul simplu, direct \u2013 <em data-start=\"209\" data-end=\"216\">pain.<\/em> \u2013 transform\u0103 cana \u00eentr-un statement vizual curajos.<\/p>","protected":false},"featured_media":2476,"template":"","meta":{"site-sidebar-layout":"default","site-content-layout":"","ast-site-content-layout":"default","site-content-style":"default","site-sidebar-style":"default","ast-global-header-display":"","ast-banner-title-visibility":"","ast-main-header-display":"","ast-hfb-above-header-display":"","ast-hfb-below-header-display":"","ast-hfb-mobile-header-display":"","site-post-title":"","ast-breadcrumbs-content":"","ast-featured-img":"","footer-sml-layout":"","theme-transparent-header-meta":"default","adv-header-id-meta":"","stick-header-meta":"","header-above-stick-meta":"","header-main-stick-meta":"","header-below-stick-meta":"","astra-migrate-meta-layouts":"set","ast-page-background-enabled":"default","ast-page-background-meta":{"desktop":{"background-color":"var(--ast-global-color-5)","background-image":"","background-repeat":"repeat","background-position":"center center","background-size":"auto","background-attachment":"scroll","background-type":"","background-media":"","overlay-type":"","overlay-color":"","overlay-opacity":"","overlay-gradient":""},"tablet":{"background-color":"","background-image":"","background-repeat":"repeat","background-position":"center center","background-size":"auto","background-attachment":"scroll","background-type":"","background-media":"","overlay-type":"","overlay-color":"","overlay-opacity":"","overlay-gradient":""},"mobile":{"background-color":"","background-image":"","background-repeat":"repeat","background-position":"center center","background-size":"auto","background-attachment":"scroll","background-type":"","background-media":"","overlay-type":"","overlay-color":"","overlay-opacity":"","overlay-gradient":""}},"ast-content-background-meta":{"desktop":{"background-color":"var(--ast-global-color-4)","background-image":"","background-repeat":"repeat","background-position":"center center","background-size":"auto","background-attachment":"scroll","background-type":"","background-media":"","overlay-type":"","overlay-color":"","overlay-opacity":"","overlay-gradient":""},"tablet":{"background-color":"var(--ast-global-color-4)","background-image":"","background-repeat":"repeat","background-position":"center center","background-size":"auto","background-attachment":"scroll","background-type":"","background-media":"","overlay-type":"","overlay-color":"","overlay-opacity":"","overlay-gradient":""},"mobile":{"background-color":"var(--ast-global-color-4)","background-image":"","background-repeat":"repeat","background-position":"center center","background-size":"auto","background-attachment":"scroll","background-type":"","background-media":"","overlay-type":"","overlay-color":"","overlay-opacity":"","overlay-gradient":""}}},"product_brand":[],"product_cat":[146],"product_tag":[],"class_list":{"0":"post-2475","1":"product","2":"type-product","3":"status-publish","4":"has-post-thumbnail","6":"product_cat-merch-cani-cadou","7":"desktop-align-left","8":"tablet-align-left","9":"mobile-align-left","10":"ast-product-gallery-layout-horizontal-slider","11":"ast-product-tabs-layout-horizontal","12":"ast-qv-on-image","14":"first","15":"instock","16":"shipping-taxable","17":"purchasable","18":"product-type-simple"},"aioseo_notices":[],"_links":{"self":[{"href":"https:\/\/axle.ro\/en_gb\/wp-json\/wp\/v2\/product\/2475","targetHints":{"allow":["GET"]}}],"collection":[{"href":"https:\/\/axle.ro\/en_gb\/wp-json\/wp\/v2\/product"}],"about":[{"href":"https:\/\/axle.ro\/en_gb\/wp-json\/wp\/v2\/types\/product"}],"wp:featuredmedia":[{"embeddable":true,"href":"https:\/\/axle.ro\/en_gb\/wp-json\/wp\/v2\/media\/2476"}],"wp:attachment":[{"href":"https:\/\/axle.ro\/en_gb\/wp-json\/wp\/v2\/media?parent=2475"}],"wp:term":[{"taxonomy":"product_brand","embeddable":true,"href":"https:\/\/axle.ro\/en_gb\/wp-json\/wp\/v2\/product_brand?post=2475"},{"taxonomy":"product_cat","embeddable":true,"href":"https:\/\/axle.ro\/en_gb\/wp-json\/wp\/v2\/product_cat?post=2475"},{"taxonomy":"product_tag","embeddable":true,"href":"https:\/\/axle.ro\/en_gb\/wp-json\/wp\/v2\/product_tag?post=2475"}],"curies":[{"name":"wp","href":"https:\/\/api.w.org\/{rel}","templated":true}]}}