{"id":2463,"date":"2026-02-25T20:40:06","date_gmt":"2026-02-25T20:40:06","guid":{"rendered":"https:\/\/axle.ro\/?post_type=product&#038;p=2463"},"modified":"2026-03-02T10:37:26","modified_gmt":"2026-03-02T10:37:26","slug":"lumanare-parfumata-axle-old-library","status":"publish","type":"product","link":"https:\/\/axle.ro\/en_gb\/product\/lumanare-parfumata-axle-old-library\/","title":{"rendered":"Lumanare parfumata AXLE &#8211; Old Library"},"content":{"rendered":"<h5 data-start=\"123\" data-end=\"144\"><strong data-start=\"126\" data-end=\"144\">Note olfactive<\/strong><\/h5>\n<p data-start=\"146\" data-end=\"255\"><b>Iasomie, Chiparos, Bergamota, Mandarina, Amberwood spice<\/b><\/p>\n<hr data-start=\"257\" data-end=\"260\" \/>\n<h5 data-start=\"262\" data-end=\"283\"><strong data-start=\"265\" data-end=\"283\">Detalii produs<\/strong><\/h5>\n<p data-start=\"285\" data-end=\"550\"><strong data-start=\"285\" data-end=\"293\">Tip:<\/strong>\u00a0Lum\u00e2nare parfumat\u0103 din cear\u0103 de soia<br \/>\n<strong>Fabrica\u021bie<\/strong>: produs manufacturat,\u00a0 \u00een serii mici<br data-start=\"330\" data-end=\"333\" \/><strong data-start=\"333\" data-end=\"346\">Greutate:<\/strong>\u00a0140 g (155 ml)<br data-start=\"361\" data-end=\"364\" \/><strong data-start=\"364\" data-end=\"374\">Cear\u0103:<\/strong>\u00a0100% cear\u0103 de soia<br data-start=\"393\" data-end=\"396\" \/><strong data-start=\"396\" data-end=\"409\">Colec\u021bie:<\/strong> Old Library<br data-start=\"433\" data-end=\"436\" \/><strong data-start=\"436\" data-end=\"446\">Brand:<\/strong> Axle<br data-start=\"454\" data-end=\"457\" \/><strong data-start=\"457\" data-end=\"478\">Durat\u0103 de ardere:<\/strong>\u00a0p\u00e2n\u0103 la 25\u201330 de ore (\u00een func\u021bie de utilizare \u0219i condi\u021biile ambientale)<\/p>\n<hr data-start=\"552\" data-end=\"555\" \/>\n<h5 data-start=\"557\" data-end=\"580\"><strong data-start=\"560\" data-end=\"580\">Mod de utilizare<\/strong><\/h5>\n<p data-start=\"582\" data-end=\"1018\">A\u0219eza\u021bi lum\u00e2narea pe o suprafa\u021b\u0103 stabil\u0103, rezistent\u0103 la c\u0103ldur\u0103.<br data-start=\"646\" data-end=\"649\" \/>Aprinde\u021bi lum\u00e2narea \u0219i l\u0103sa\u021bi ceara s\u0103 se topeasc\u0103 uniform pe toat\u0103 suprafa\u021ba \u00een timpul primei arderi (aproximativ 2\u20133 ore).<br data-start=\"773\" data-end=\"776\" \/>T\u0103ia\u021bi fitilul la aproximativ 5 mm \u00eenainte de fiecare utilizare, pentru o flac\u0103r\u0103 curat\u0103 \u0219i stabil\u0103.<br data-start=\"876\" data-end=\"879\" \/>Nu arde\u021bi lum\u00e2narea mai mult de 4 ore consecutiv.<br data-start=\"928\" data-end=\"931\" \/>Opri\u021bi utilizarea atunci c\u00e2nd r\u0103m\u00e2ne aproximativ 1 cm de cear\u0103 pe fundul recipientului.<\/p>\n<p data-start=\"1020\" data-end=\"1153\"><strong data-start=\"1020\" data-end=\"1029\">Sfat:<\/strong>\u00a0Formarea unei piscine complete de cear\u0103 la prima ardere ajut\u0103 la prevenirea tunel\u0103rii \u0219i asigur\u0103 o ardere uniform\u0103 \u00een timp.<\/p>\n<hr data-start=\"1155\" data-end=\"1158\" \/>\n<h5 data-start=\"1160\" data-end=\"1190\"><strong data-start=\"1163\" data-end=\"1190\">Recomand\u0103ri &amp; siguran\u021b\u0103<\/strong><\/h5>\n<p data-start=\"1192\" data-end=\"1641\">Doar pentru parfumarea \u00eenc\u0103perilor.<br data-start=\"1227\" data-end=\"1230\" \/>Nu l\u0103sa\u021bi niciodat\u0103 o lum\u00e2nare aprins\u0103 nesupravegheat\u0103.<br data-start=\"1285\" data-end=\"1288\" \/>A nu se l\u0103sa la \u00eendem\u00e2na copiilor \u0219i a animalelor de companie.<br data-start=\"1350\" data-end=\"1353\" \/>A se p\u0103stra departe de materiale inflamabile, curen\u021bi de aer \u0219i surse de c\u0103ldur\u0103.<br data-start=\"1434\" data-end=\"1437\" \/>Evita\u021bi contactul direct cu pielea \u0219i ochii.<br data-start=\"1481\" data-end=\"1484\" \/>L\u0103sa\u021bi recipientul s\u0103 se r\u0103ceasc\u0103 complet \u00eenainte de manipulare sau mutare.<br data-start=\"1559\" data-end=\"1562\" \/>A se depozita \u00eentr-un loc r\u0103coros \u0219i uscat, ferit de lumina direct\u0103 a soarelui.<\/p>","protected":false},"excerpt":{"rendered":"<p data-start=\"81\" data-end=\"322\"><strong data-start=\"1153\" data-end=\"1168\">Old Library<\/strong> \u00eembin\u0103 prospe\u021bimea citric\u0103 a bergamotei \u0219i mandarinei cu profunzimea chiparosului \u0219i elegan\u021ba iasomiei, peste un fundal cald de amberwood spice. O arom\u0103 sofisticat\u0103, inspirat\u0103 de lini\u0219tea bibliotecilor clasice.<\/p>\n<div class=\"flex flex-col text-sm pb-25\">\n<article class=\"text-token-text-primary w-full focus:outline-none [--shadow-height:45px] has-data-writing-block:pointer-events-none has-data-writing-block:-mt-(--shadow-height) has-data-writing-block:pt-(--shadow-height) [&amp;:has([data-writing-block])&gt;*]:pointer-events-auto scroll-mt-[calc(var(--header-height)+min(200px,max(70px,20svh)))]\" dir=\"auto\" tabindex=\"-1\" data-turn-id=\"request-699f4d02-7878-8385-ab34-d3cebf25d562-4\" data-testid=\"conversation-turn-43\" data-scroll-anchor=\"true\" data-turn=\"assistant\">\n<div class=\"text-base my-auto mx-auto pb-10 [--thread-content-margin:--spacing(4)] @w-sm\/main:[--thread-content-margin:--spacing(6)] @w-lg\/main:[--thread-content-margin:--spacing(16)] px-(--thread-content-margin)\">\n<div class=\"[--thread-content-max-width:40rem] @w-lg\/main:[--thread-content-max-width:48rem] mx-auto max-w-(--thread-content-max-width) flex-1 group\/turn-messages focus-visible:outline-hidden relative flex w-full min-w-0 flex-col agent-turn\" tabindex=\"-1\">\n<div class=\"flex max-w-full flex-col grow\">\n<div class=\"min-h-8 text-message relative flex w-full flex-col items-end gap-2 text-start break-words whitespace-normal [.text-message+&amp;]:mt-1\" dir=\"auto\" data-message-author-role=\"assistant\" data-message-id=\"e7978788-a737-4cc3-a752-bcbf275b7d93\" data-message-model-slug=\"gpt-5-2\">\n<div class=\"flex w-full flex-col gap-1 empty:hidden first:pt-[1px]\">\n<div class=\"markdown prose dark:prose-invert w-full wrap-break-word light markdown-new-styling\">\n<p data-start=\"0\" data-end=\"175\" data-is-last-node=\"\" data-is-only-node=\"\">Creat\u0103 \u00een serii artizanale mici, aceast\u0103 lum\u00e2nare parfumat\u0103 AXLE\u00a0 utilizeaz\u0103 o formul\u0103 de parfum atent echilibrat\u0103, conceput\u0103 pentru a se difuza uniform \u0219i constant \u00een timp.<\/p>\n<\/div>\n<\/div>\n<\/div>\n<\/div>\n<div class=\"z-0 flex min-h-[46px] justify-start\"><\/div>\n<div class=\"mt-3 w-full empty:hidden\">\n<div class=\"text-center\"><\/div>\n<\/div>\n<\/div>\n<\/div>\n<\/article>\n<\/div>\n<div class=\"pointer-events-none h-px w-px absolute bottom-0\" aria-hidden=\"true\" data-edge=\"true\"><\/div>\n","protected":false},"featured_media":2464,"template":"","meta":{"site-sidebar-layout":"default","site-content-layout":"","ast-site-content-layout":"default","site-content-style":"default","site-sidebar-style":"default","ast-global-header-display":"","ast-banner-title-visibility":"","ast-main-header-display":"","ast-hfb-above-header-display":"","ast-hfb-below-header-display":"","ast-hfb-mobile-header-display":"","site-post-title":"","ast-breadcrumbs-content":"","ast-featured-img":"","footer-sml-layout":"","theme-transparent-header-meta":"default","adv-header-id-meta":"","stick-header-meta":"","header-above-stick-meta":"","header-main-stick-meta":"","header-below-stick-meta":"","astra-migrate-meta-layouts":"set","ast-page-background-enabled":"default","ast-page-background-meta":{"desktop":{"background-color":"var(--ast-global-color-5)","background-image":"","background-repeat":"repeat","background-position":"center center","background-size":"auto","background-attachment":"scroll","background-type":"","background-media":"","overlay-type":"","overlay-color":"","overlay-opacity":"","overlay-gradient":""},"tablet":{"background-color":"","background-image":"","background-repeat":"repeat","background-position":"center center","background-size":"auto","background-attachment":"scroll","background-type":"","background-media":"","overlay-type":"","overlay-color":"","overlay-opacity":"","overlay-gradient":""},"mobile":{"background-color":"","background-image":"","background-repeat":"repeat","background-position":"center center","background-size":"auto","background-attachment":"scroll","background-type":"","background-media":"","overlay-type":"","overlay-color":"","overlay-opacity":"","overlay-gradient":""}},"ast-content-background-meta":{"desktop":{"background-color":"var(--ast-global-color-4)","background-image":"","background-repeat":"repeat","background-position":"center center","background-size":"auto","background-attachment":"scroll","background-type":"","background-media":"","overlay-type":"","overlay-color":"","overlay-opacity":"","overlay-gradient":""},"tablet":{"background-color":"var(--ast-global-color-4)","background-image":"","background-repeat":"repeat","background-position":"center center","background-size":"auto","background-attachment":"scroll","background-type":"","background-media":"","overlay-type":"","overlay-color":"","overlay-opacity":"","overlay-gradient":""},"mobile":{"background-color":"var(--ast-global-color-4)","background-image":"","background-repeat":"repeat","background-position":"center center","background-size":"auto","background-attachment":"scroll","background-type":"","background-media":"","overlay-type":"","overlay-color":"","overlay-opacity":"","overlay-gradient":""}}},"product_brand":[],"product_cat":[145],"product_tag":[],"class_list":{"0":"post-2463","1":"product","2":"type-product","3":"status-publish","4":"has-post-thumbnail","6":"product_cat-merch-lumanari-parfumate","7":"desktop-align-left","8":"tablet-align-left","9":"mobile-align-left","10":"ast-product-gallery-layout-horizontal-slider","11":"ast-product-gallery-with-no-image","12":"ast-product-tabs-layout-horizontal","13":"ast-qv-on-image","15":"first","16":"instock","17":"shipping-taxable","18":"purchasable","19":"product-type-simple"},"aioseo_notices":[],"_links":{"self":[{"href":"https:\/\/axle.ro\/en_gb\/wp-json\/wp\/v2\/product\/2463","targetHints":{"allow":["GET"]}}],"collection":[{"href":"https:\/\/axle.ro\/en_gb\/wp-json\/wp\/v2\/product"}],"about":[{"href":"https:\/\/axle.ro\/en_gb\/wp-json\/wp\/v2\/types\/product"}],"wp:featuredmedia":[{"embeddable":true,"href":"https:\/\/axle.ro\/en_gb\/wp-json\/wp\/v2\/media\/2464"}],"wp:attachment":[{"href":"https:\/\/axle.ro\/en_gb\/wp-json\/wp\/v2\/media?parent=2463"}],"wp:term":[{"taxonomy":"product_brand","embeddable":true,"href":"https:\/\/axle.ro\/en_gb\/wp-json\/wp\/v2\/product_brand?post=2463"},{"taxonomy":"product_cat","embeddable":true,"href":"https:\/\/axle.ro\/en_gb\/wp-json\/wp\/v2\/product_cat?post=2463"},{"taxonomy":"product_tag","embeddable":true,"href":"https:\/\/axle.ro\/en_gb\/wp-json\/wp\/v2\/product_tag?post=2463"}],"curies":[{"name":"wp","href":"https:\/\/api.w.org\/{rel}","templated":true}]}}